{"id":469,"date":"2021-09-21T12:17:33","date_gmt":"2021-09-21T17:17:33","guid":{"rendered":"http:\/\/decontamination-expert-sol.localhost\/our-services\/environmental-assessments-phase-1\/"},"modified":"2023-09-13T09:23:55","modified_gmt":"2023-09-13T14:23:55","slug":"environmental-assessments-phase-1","status":"publish","type":"page","link":"https:\/\/decontamination-expert-sol.com\/en\/our-services\/environmental-assessments-phase-1\/","title":{"rendered":"Environmental assessments &#8211; Phase 1"},"content":{"rendered":"<div class=\"fusion-fullwidth fullwidth-box fusion-fullwidth-1  fusion-parallax-none nonhundred-percent-fullwidth\" style=\"border-color:#eae9e9;border-bottom-width: 0px;border-top-width: 0px;border-bottom-style: solid;border-top-style: solid;padding-bottom:20px;padding-top:20px;padding-left:;padding-right:;background-color:#ffffff;\"><style type=\"text\/css\" scoped=\"scoped\">.fusion-fullwidth-1 {\n                            padding-left: px !important;\n                            padding-right: px !important;\n                        }<\/style><div class=\"fusion-row\"><div class=\"fusion-title title fusion-title-size-one\"><h1 class=\"title-heading-left\"><strong> Environmental site assessments <\/strong><strong><span style=\"color:#82A868; font-size:38px;\">PHASE 1<\/span><\/strong><\/h1><div class=\"title-sep-container\"><div class=\"title-sep sep-double\" style=\"border-color:#82A868;\"><\/div><\/div><\/div><div class=\"fusion-one-half fusion-layout-column fusion-spacing-yes\" style=\"margin-top:0px;margin-bottom:20px;\"><div class=\"fusion-column-wrapper\"><p><span style=\"color:#000000; font-size:15px;\"><strong> The environmental phase 1 is important for you and for the banking institutions.<\/strong><\/span><\/p>\n<p><span style=\"color:#000000; font-size:15px;\"> Whether you&#8217;re buying or selling a residential or commercial property, or looking for vacant land, the Phase 1 environment will secure your investment.<\/span><\/p>\n<ul style=\"color:#000000; font-size:15px;\">\n<ul class=\"fusion-checklist fusion-checklist-1\" style=\"font-size:13px;line-height:22.1px;\"><li class=\"fusion-li-item\"><span style=\"background-color:#9db668;font-size:11.44px;height:22.1px;width:22.1px;margin-right:9.1px;\" class=\"icon-wrapper circle-yes\"><i class=\"fusion-li-icon fa fa-fa fa-arrow-right\" style=\"color:#ffffff;\"><\/i><\/span><div class=\"fusion-li-item-content\" style=\"margin-left:31.2px;\"><span style=\"color:#000000; font-size:15px;\"> Becoming familiar with the terrain <\/span><\/div><\/li>\n<li class=\"fusion-li-item\"><span style=\"background-color:#9db668;font-size:11.44px;height:22.1px;width:22.1px;margin-right:9.1px;\" class=\"icon-wrapper circle-yes\"><i class=\"fusion-li-icon fa fa-fa fa-arrow-right\" style=\"color:#ffffff;\"><\/i><\/span><div class=\"fusion-li-item-content\" style=\"margin-left:31.2px;\"><span style=\"color:#000000; font-size:15px;\"> Define site-specific characteristics based on available data <\/span><\/div><\/li>\n<li class=\"fusion-li-item\"><span style=\"background-color:#9db668;font-size:11.44px;height:22.1px;width:22.1px;margin-right:9.1px;\" class=\"icon-wrapper circle-yes\"><i class=\"fusion-li-icon fa fa-fa fa-arrow-right\" style=\"color:#ffffff;\"><\/i><\/span><div class=\"fusion-li-item-content\" style=\"margin-left:31.2px;\"><span style=\"color:#000000; font-size:15px;\"> Evaluate past activities likely to contaminate soil, groundwater and air <\/span><\/div><\/li>\n<li class=\"fusion-li-item\"><span style=\"background-color:#9db668;font-size:11.44px;height:22.1px;width:22.1px;margin-right:9.1px;\" class=\"icon-wrapper circle-yes\"><i class=\"fusion-li-icon fa fa-fa fa-arrow-right\" style=\"color:#ffffff;\"><\/i><\/span><div class=\"fusion-li-item-content\" style=\"margin-left:31.2px;\"><span style=\"color:#000000; font-size:15px;\"> Target areas likely to be contaminated, determine the type of potential contamination and identify the need for further information. <\/span><\/div><\/li><\/ul>\n<\/ul>\n<p><span style=\"color:#000000; font-size:15px;\"> According to the Guide de caract\u00e9risation des terrains of the Minist\u00e8re du D\u00e9veloppement<br \/>\nde l&#8217;Environnement et de la Lutte contre les Changements climatiques (MDDELCC)<br \/>\n(MDDELCC) of Quebec, the Phase 1 environmental site assessment <\/p>\n<div class=\"fusion-clearfix\"><\/div><\/div><\/div><div class=\"fusion-one-half fusion-layout-column fusion-column-last fusion-spacing-yes\" style=\"margin-top:0px;margin-bottom:20px;\"><div class=\"fusion-column-wrapper\"><p><span style=\"color:#000000; font-size:14px;\"><strong> Phase 1 environmental assessment procedures include:<\/strong><\/span><\/p>\n<ul style=\"color:#000000; font-size:15px;\">\n<ul class=\"fusion-checklist fusion-checklist-2\" style=\"font-size:13px;line-height:22.1px;\"><li class=\"fusion-li-item\"><span style=\"background-color:#9db668;font-size:11.44px;height:22.1px;width:22.1px;margin-right:9.1px;\" class=\"icon-wrapper circle-yes\"><i class=\"fusion-li-icon fa fa-fa fa-arrow-right\" style=\"color:#ffffff;\"><\/i><\/span><div class=\"fusion-li-item-content\" style=\"margin-left:31.2px;\"><span style=\"color:#000000; font-size:15px;\"> Requests for access to information <\/span><\/div><\/li>\n<li class=\"fusion-li-item\"><span style=\"background-color:#9db668;font-size:11.44px;height:22.1px;width:22.1px;margin-right:9.1px;\" class=\"icon-wrapper circle-yes\"><i class=\"fusion-li-icon fa fa-fa fa-arrow-right\" style=\"color:#ffffff;\"><\/i><\/span><div class=\"fusion-li-item-content\" style=\"margin-left:31.2px;\"><span style=\"color:#000000; font-size:15px;\"> Consultation of indexed documents and various organizations <\/span><\/div><\/li>\n<li class=\"fusion-li-item\"><span style=\"background-color:#9db668;font-size:11.44px;height:22.1px;width:22.1px;margin-right:9.1px;\" class=\"icon-wrapper circle-yes\"><i class=\"fusion-li-icon fa fa-fa fa-arrow-right\" style=\"color:#ffffff;\"><\/i><\/span><div class=\"fusion-li-item-content\" style=\"margin-left:31.2px;\"><span style=\"color:#000000; font-size:15px;\"> Field visit <\/span><\/div><\/li>\n<li class=\"fusion-li-item\"><span style=\"background-color:#9db668;font-size:11.44px;height:22.1px;width:22.1px;margin-right:9.1px;\" class=\"icon-wrapper circle-yes\"><i class=\"fusion-li-icon fa fa-fa fa-arrow-right\" style=\"color:#ffffff;\"><\/i><\/span><div class=\"fusion-li-item-content\" style=\"margin-left:31.2px;\"><span style=\"color:#000000; font-size:15px;\"> Final report with recommendations <\/span><\/div><\/li><\/ul><\/br>\n<\/ul>\n<div class=\"imageframe-align-center\"><span style=\"-webkit-border-radius:5px;-moz-border-radius:5px;border-radius:5px;\" class=\"fusion-imageframe imageframe-none imageframe-1 hover-type-none fusion-animated\" data-animationType=\"fadeInRight\" data-animationDuration=\"1\" data-animationOffset=\"100%\"> <img src=\"\/wp-content\/uploads\/2021\/09\/phase-1-300x225.jpg\" alt=\"\" class=\"img-responsive\" style=\"-webkit-border-radius:5px;-moz-border-radius:5px;border-radius:5px;\"\/><\/span><\/div><div class=\"fusion-clearfix\"><\/div><\/div><\/div><div class=\"fusion-clearfix\"><\/div><div class=\"fusion-button-wrapper\"><style type=\"text\/css\" scoped=\"scoped\">.fusion-button.button-1 .fusion-button-text, .fusion-button.button-1 i {color:#577810;}.fusion-button.button-1 {border-width:100%;border-color:#577810;}.fusion-button.button-1 .fusion-button-icon-divider{border-color:#577810;}.fusion-button.button-1:hover .fusion-button-text, .fusion-button.button-1:hover i,.fusion-button.button-1:focus .fusion-button-text, .fusion-button.button-1:focus i,.fusion-button.button-1:active .fusion-button-text, .fusion-button.button-1:active{color:#577810;}.fusion-button.button-1:hover, .fusion-button.button-1:focus, .fusion-button.button-1:active{border-width:100%;border-color:#577810;}.fusion-button.button-1:hover .fusion-button-icon-divider, .fusion-button.button-1:hover .fusion-button-icon-divider, .fusion-button.button-1:active .fusion-button-icon-divider{border-color:#577810;}.fusion-button.button-1{background: #cce890;\n\t\t\t\t\tbackground-image: -webkit-gradient( linear, left bottom, left top, from( #aad75b ), to( #cce890 ) );\n\t\t\t\t\tbackground-image: -webkit-linear-gradient( bottom, #aad75b, #cce890 );\n\t\t\t\t\tbackground-image:\t-moz-linear-gradient( bottom, #aad75b, #cce890 );\n\t\t\t\t\tbackground-image:\t  -o-linear-gradient( bottom, #aad75b, #cce890 );\n\t\t\t\t\tbackground-image: linear-gradient( to top, #aad75b, #cce890 );}.fusion-button.button-1:hover,.button-1:focus,.fusion-button.button-1:active{background: #aad75b;\n\t\t\t\t\tbackground-image: -webkit-gradient( linear, left bottom, left top, from( #cce890 ), to( #aad75b ) );\n\t\t\t\t\tbackground-image: -webkit-linear-gradient( bottom, #cce890, #aad75b );\n\t\t\t\t\tbackground-image:\t-moz-linear-gradient( bottom, #cce890, #aad75b );\n\t\t\t\t\tbackground-image:\t  -o-linear-gradient( bottom, #cce890, #aad75b );\n\t\t\t\t\tbackground-image: linear-gradient( to top, #cce890, #aad75b );}.fusion-button.button-1{width:auto;}<\/style><a class=\"fusion-button button-flat button-round button-large button-default button-1\" target=\"_self\" href=\"\/fr\/contactez-nous\/\"><span class=\"fusion-button-text\">Contact us<\/span><\/a><\/div><\/div><\/div>\n","protected":false},"excerpt":{"rendered":"","protected":false},"author":2,"featured_media":0,"parent":7,"menu_order":1,"comment_status":"closed","ping_status":"closed","template":"","meta":[],"_links":{"self":[{"href":"https:\/\/decontamination-expert-sol.com\/en\/wp-json\/wp\/v2\/pages\/469"}],"collection":[{"href":"https:\/\/decontamination-expert-sol.com\/en\/wp-json\/wp\/v2\/pages"}],"about":[{"href":"https:\/\/decontamination-expert-sol.com\/en\/wp-json\/wp\/v2\/types\/page"}],"author":[{"embeddable":true,"href":"https:\/\/decontamination-expert-sol.com\/en\/wp-json\/wp\/v2\/users\/2"}],"replies":[{"embeddable":true,"href":"https:\/\/decontamination-expert-sol.com\/en\/wp-json\/wp\/v2\/comments?post=469"}],"version-history":[{"count":10,"href":"https:\/\/decontamination-expert-sol.com\/en\/wp-json\/wp\/v2\/pages\/469\/revisions"}],"predecessor-version":[{"id":791,"href":"https:\/\/decontamination-expert-sol.com\/en\/wp-json\/wp\/v2\/pages\/469\/revisions\/791"}],"up":[{"embeddable":true,"href":"https:\/\/decontamination-expert-sol.com\/en\/wp-json\/wp\/v2\/pages\/7"}],"wp:attachment":[{"href":"https:\/\/decontamination-expert-sol.com\/en\/wp-json\/wp\/v2\/media?parent=469"}],"curies":[{"name":"wp","href":"https:\/\/api.w.org\/{rel}","templated":true}]}}